{"id":48,"date":"2024-01-18T12:42:53","date_gmt":"2024-01-18T11:42:53","guid":{"rendered":"http:\/\/site-rctm.test\/?page_id=48"},"modified":"2024-05-27T18:41:33","modified_gmt":"2024-05-27T16:41:33","slug":"les-equipes","status":"publish","type":"page","link":"https:\/\/rugbyclubmontaiguvendee.com\/index.php\/les-equipes\/","title":{"rendered":"Les \u00e9quipes de Rugby du RCTM"},"content":{"rendered":"\n<p>D\u00e9couvrez les diff\u00e9rentes \u00e9quipes qui structure notre club de rugby \u00e0 Montaigu en Vend\u00e9e.<\/p>\n\n\n\n<div class=\"wp-block-columns is-layout-flex wp-container-core-columns-is-layout-9d6595d7 wp-block-columns-is-layout-flex\">\n<div class=\"wp-block-column is-layout-flow wp-block-column-is-layout-flow\">\n<figure class=\"wp-block-image size-large\"><a href=\"https:\/\/rugby-club-montaigu-vendee.fr\/index.php\/equipe-senior-loisir-montaigu-vendee\/\"><img loading=\"lazy\" decoding=\"async\" width=\"1024\" height=\"683\" src=\"http:\/\/site-rctm.test\/wp-content\/uploads\/2024\/02\/MG_5806-1-1024x683.jpg\" alt=\"\" class=\"wp-image-279\" srcset=\"https:\/\/rugbyclubmontaiguvendee.com\/wp-content\/uploads\/2024\/02\/MG_5806-1-1024x683.jpg 1024w, https:\/\/rugbyclubmontaiguvendee.com\/wp-content\/uploads\/2024\/02\/MG_5806-1-300x200.jpg 300w, https:\/\/rugbyclubmontaiguvendee.com\/wp-content\/uploads\/2024\/02\/MG_5806-1-768x512.jpg 768w, https:\/\/rugbyclubmontaiguvendee.com\/wp-content\/uploads\/2024\/02\/MG_5806-1-1536x1024.jpg 1536w, https:\/\/rugbyclubmontaiguvendee.com\/wp-content\/uploads\/2024\/02\/MG_5806-1-2048x1365.jpg 2048w, https:\/\/rugbyclubmontaiguvendee.com\/wp-content\/uploads\/2024\/02\/MG_5806-1-930x620.jpg 930w\" sizes=\"auto, (max-width: 1024px) 100vw, 1024px\" \/><\/a><\/figure>\n<\/div>\n\n\n\n<div class=\"wp-block-column is-layout-flow wp-block-column-is-layout-flow\">\n<figure class=\"wp-block-image size-large\"><a href=\"https:\/\/rugby-club-montaigu-vendee.fr\/index.php\/ecole-de-rugby-montaig\/\"><img loading=\"lazy\" decoding=\"async\" width=\"1024\" height=\"683\" src=\"http:\/\/site-rctm.test\/wp-content\/uploads\/2024\/02\/MG_8930-M8-1024x683.jpg\" alt=\"\" class=\"wp-image-286\" srcset=\"https:\/\/rugbyclubmontaiguvendee.com\/wp-content\/uploads\/2024\/02\/MG_8930-M8-1024x683.jpg 1024w, https:\/\/rugbyclubmontaiguvendee.com\/wp-content\/uploads\/2024\/02\/MG_8930-M8-300x200.jpg 300w, https:\/\/rugbyclubmontaiguvendee.com\/wp-content\/uploads\/2024\/02\/MG_8930-M8-768x512.jpg 768w, https:\/\/rugbyclubmontaiguvendee.com\/wp-content\/uploads\/2024\/02\/MG_8930-M8-1536x1024.jpg 1536w, https:\/\/rugbyclubmontaiguvendee.com\/wp-content\/uploads\/2024\/02\/MG_8930-M8-2048x1365.jpg 2048w, https:\/\/rugbyclubmontaiguvendee.com\/wp-content\/uploads\/2024\/02\/MG_8930-M8-930x620.jpg 930w\" sizes=\"auto, (max-width: 1024px) 100vw, 1024px\" \/><\/a><\/figure>\n\n\n\n<div class=\"wp-block-columns is-layout-flex wp-container-core-columns-is-layout-9d6595d7 wp-block-columns-is-layout-flex\">\n<div class=\"wp-block-column is-layout-flow wp-block-column-is-layout-flow\"><\/div>\n\n\n\n<div class=\"wp-block-column is-layout-flow wp-block-column-is-layout-flow\"><\/div>\n<\/div>\n<\/div>\n\n\n\n<div class=\"wp-block-column is-layout-flow wp-block-column-is-layout-flow\">\n<figure class=\"wp-block-image size-large is-resized\"><a href=\"https:\/\/rugby-club-montaigu-vendee.fr\/index.php\/section-rugby-touch\/\"><img loading=\"lazy\" decoding=\"async\" width=\"1024\" height=\"517\" src=\"http:\/\/site-rctm.test\/wp-content\/uploads\/2024\/01\/touch-1024x517.png\" alt=\"\" class=\"wp-image-252\" style=\"width:501px;height:auto\" srcset=\"https:\/\/rugbyclubmontaiguvendee.com\/wp-content\/uploads\/2024\/01\/touch-1024x517.png 1024w, https:\/\/rugbyclubmontaiguvendee.com\/wp-content\/uploads\/2024\/01\/touch-300x151.png 300w, https:\/\/rugbyclubmontaiguvendee.com\/wp-content\/uploads\/2024\/01\/touch-768x388.png 768w, https:\/\/rugbyclubmontaiguvendee.com\/wp-content\/uploads\/2024\/01\/touch.png 1078w\" sizes=\"auto, (max-width: 1024px) 100vw, 1024px\" \/><\/a><\/figure>\n<\/div>\n<\/div>\n","protected":false},"excerpt":{"rendered":"<p>D\u00e9couvrez les diff\u00e9rentes \u00e9quipes qui structure notre club de rugby \u00e0 Montaigu en Vend\u00e9e.<\/p>\n","protected":false},"author":1,"featured_media":0,"parent":0,"menu_order":0,"comment_status":"closed","ping_status":"closed","template":"","meta":{"om_disable_all_campaigns":false,"_monsterinsights_skip_tracking":false,"_monsterinsights_sitenote_active":false,"_monsterinsights_sitenote_note":"","_monsterinsights_sitenote_category":0,"neve_meta_sidebar":"","neve_meta_container":"","neve_meta_enable_content_width":"","neve_meta_content_width":0,"neve_meta_title_alignment":"","neve_meta_author_avatar":"","neve_post_elements_order":"","neve_meta_disable_header":"","neve_meta_disable_footer":"","neve_meta_disable_title":"","footnotes":""},"class_list":["post-48","page","type-page","status-publish","hentry"],"yoast_head":"<!-- This site is optimized with the Yoast SEO plugin v26.2 - https:\/\/yoast.com\/wordpress\/plugins\/seo\/ -->\n<title>Les \u00e9quipes de Rugby du RCTM - Rugby Club Terres de Montaigu - Vend\u00e9e<\/title>\n<meta name=\"robots\" content=\"index, follow, max-snippet:-1, max-image-preview:large, max-video-preview:-1\" \/>\n<link rel=\"canonical\" href=\"https:\/\/rugbyclubmontaiguvendee.com\/index.php\/les-equipes\/\" \/>\n<meta property=\"og:locale\" content=\"fr_FR\" \/>\n<meta property=\"og:type\" content=\"article\" \/>\n<meta property=\"og:title\" content=\"Les \u00e9quipes de Rugby du RCTM - Rugby Club Terres de Montaigu - Vend\u00e9e\" \/>\n<meta property=\"og:description\" content=\"D\u00e9couvrez les diff\u00e9rentes \u00e9quipes qui structure notre club de rugby \u00e0 Montaigu en Vend\u00e9e.\" \/>\n<meta property=\"og:url\" content=\"https:\/\/rugbyclubmontaiguvendee.com\/index.php\/les-equipes\/\" \/>\n<meta property=\"og:site_name\" content=\"Rugby Club Terres de Montaigu - Vend\u00e9e\" \/>\n<meta property=\"article:publisher\" content=\"https:\/\/fr-fr.facebook.com\/rugbyclubdesterresdemontaigu\/\" \/>\n<meta property=\"article:modified_time\" content=\"2024-05-27T16:41:33+00:00\" \/>\n<meta property=\"og:image\" content=\"http:\/\/site-rctm.test\/wp-content\/uploads\/2024\/02\/MG_5806-1-1024x683.jpg\" \/>\n<meta name=\"twitter:card\" content=\"summary_large_image\" \/>\n<meta name=\"twitter:label1\" content=\"Dur\u00e9e de lecture estim\u00e9e\" \/>\n\t<meta name=\"twitter:data1\" content=\"1 minute\" \/>\n<script type=\"application\/ld+json\" class=\"yoast-schema-graph\">{\"@context\":\"https:\/\/schema.org\",\"@graph\":[{\"@type\":\"WebPage\",\"@id\":\"https:\/\/rugbyclubmontaiguvendee.com\/index.php\/les-equipes\/\",\"url\":\"https:\/\/rugbyclubmontaiguvendee.com\/index.php\/les-equipes\/\",\"name\":\"Les \u00e9quipes de Rugby du RCTM - Rugby Club Terres de Montaigu - Vend\u00e9e\",\"isPartOf\":{\"@id\":\"https:\/\/rugbyclubmontaiguvendee.com\/#website\"},\"primaryImageOfPage\":{\"@id\":\"https:\/\/rugbyclubmontaiguvendee.com\/index.php\/les-equipes\/#primaryimage\"},\"image\":{\"@id\":\"https:\/\/rugbyclubmontaiguvendee.com\/index.php\/les-equipes\/#primaryimage\"},\"thumbnailUrl\":\"http:\/\/site-rctm.test\/wp-content\/uploads\/2024\/02\/MG_5806-1-1024x683.jpg\",\"datePublished\":\"2024-01-18T11:42:53+00:00\",\"dateModified\":\"2024-05-27T16:41:33+00:00\",\"breadcrumb\":{\"@id\":\"https:\/\/rugbyclubmontaiguvendee.com\/index.php\/les-equipes\/#breadcrumb\"},\"inLanguage\":\"fr-FR\",\"potentialAction\":[{\"@type\":\"ReadAction\",\"target\":[\"https:\/\/rugbyclubmontaiguvendee.com\/index.php\/les-equipes\/\"]}]},{\"@type\":\"ImageObject\",\"inLanguage\":\"fr-FR\",\"@id\":\"https:\/\/rugbyclubmontaiguvendee.com\/index.php\/les-equipes\/#primaryimage\",\"url\":\"http:\/\/site-rctm.test\/wp-content\/uploads\/2024\/02\/MG_5806-1-1024x683.jpg\",\"contentUrl\":\"http:\/\/site-rctm.test\/wp-content\/uploads\/2024\/02\/MG_5806-1-1024x683.jpg\"},{\"@type\":\"BreadcrumbList\",\"@id\":\"https:\/\/rugbyclubmontaiguvendee.com\/index.php\/les-equipes\/#breadcrumb\",\"itemListElement\":[{\"@type\":\"ListItem\",\"position\":1,\"name\":\"Accueil\",\"item\":\"https:\/\/rugbyclubmontaiguvendee.com\/\"},{\"@type\":\"ListItem\",\"position\":2,\"name\":\"Les \u00e9quipes de Rugby du RCTM\"}]},{\"@type\":\"WebSite\",\"@id\":\"https:\/\/rugbyclubmontaiguvendee.com\/#website\",\"url\":\"https:\/\/rugbyclubmontaiguvendee.com\/\",\"name\":\"Rugby Club Terre de Montaigu - Vend\u00e9e\",\"description\":\"Rejoignez l&#039;aventure\",\"publisher\":{\"@id\":\"https:\/\/rugbyclubmontaiguvendee.com\/#organization\"},\"potentialAction\":[{\"@type\":\"SearchAction\",\"target\":{\"@type\":\"EntryPoint\",\"urlTemplate\":\"https:\/\/rugbyclubmontaiguvendee.com\/?s={search_term_string}\"},\"query-input\":{\"@type\":\"PropertyValueSpecification\",\"valueRequired\":true,\"valueName\":\"search_term_string\"}}],\"inLanguage\":\"fr-FR\"},{\"@type\":\"Organization\",\"@id\":\"https:\/\/rugbyclubmontaiguvendee.com\/#organization\",\"name\":\"Rugby Club Terre de Montaigu - Vend\u00e9e\",\"url\":\"https:\/\/rugbyclubmontaiguvendee.com\/\",\"logo\":{\"@type\":\"ImageObject\",\"inLanguage\":\"fr-FR\",\"@id\":\"https:\/\/rugbyclubmontaiguvendee.com\/#\/schema\/logo\/image\/\",\"url\":\"https:\/\/rugbyclubmontaiguvendee.com\/wp-content\/uploads\/2024\/01\/cropped-logo-RCTM-120X150.png\",\"contentUrl\":\"https:\/\/rugbyclubmontaiguvendee.com\/wp-content\/uploads\/2024\/01\/cropped-logo-RCTM-120X150.png\",\"width\":120,\"height\":150,\"caption\":\"Rugby Club Terre de Montaigu - Vend\u00e9e\"},\"image\":{\"@id\":\"https:\/\/rugbyclubmontaiguvendee.com\/#\/schema\/logo\/image\/\"},\"sameAs\":[\"https:\/\/fr-fr.facebook.com\/rugbyclubdesterresdemontaigu\/\",\"https:\/\/www.instagram.com\/edr_rctm85\/\"]}]}<\/script>\n<!-- \/ Yoast SEO plugin. -->","yoast_head_json":{"title":"Les \u00e9quipes de Rugby du RCTM - Rugby Club Terres de Montaigu - Vend\u00e9e","robots":{"index":"index","follow":"follow","max-snippet":"max-snippet:-1","max-image-preview":"max-image-preview:large","max-video-preview":"max-video-preview:-1"},"canonical":"https:\/\/rugbyclubmontaiguvendee.com\/index.php\/les-equipes\/","og_locale":"fr_FR","og_type":"article","og_title":"Les \u00e9quipes de Rugby du RCTM - Rugby Club Terres de Montaigu - Vend\u00e9e","og_description":"D\u00e9couvrez les diff\u00e9rentes \u00e9quipes qui structure notre club de rugby \u00e0 Montaigu en Vend\u00e9e.","og_url":"https:\/\/rugbyclubmontaiguvendee.com\/index.php\/les-equipes\/","og_site_name":"Rugby Club Terres de Montaigu - Vend\u00e9e","article_publisher":"https:\/\/fr-fr.facebook.com\/rugbyclubdesterresdemontaigu\/","article_modified_time":"2024-05-27T16:41:33+00:00","og_image":[{"url":"http:\/\/site-rctm.test\/wp-content\/uploads\/2024\/02\/MG_5806-1-1024x683.jpg","type":"","width":"","height":""}],"twitter_card":"summary_large_image","twitter_misc":{"Dur\u00e9e de lecture estim\u00e9e":"1 minute"},"schema":{"@context":"https:\/\/schema.org","@graph":[{"@type":"WebPage","@id":"https:\/\/rugbyclubmontaiguvendee.com\/index.php\/les-equipes\/","url":"https:\/\/rugbyclubmontaiguvendee.com\/index.php\/les-equipes\/","name":"Les \u00e9quipes de Rugby du RCTM - Rugby Club Terres de Montaigu - Vend\u00e9e","isPartOf":{"@id":"https:\/\/rugbyclubmontaiguvendee.com\/#website"},"primaryImageOfPage":{"@id":"https:\/\/rugbyclubmontaiguvendee.com\/index.php\/les-equipes\/#primaryimage"},"image":{"@id":"https:\/\/rugbyclubmontaiguvendee.com\/index.php\/les-equipes\/#primaryimage"},"thumbnailUrl":"http:\/\/site-rctm.test\/wp-content\/uploads\/2024\/02\/MG_5806-1-1024x683.jpg","datePublished":"2024-01-18T11:42:53+00:00","dateModified":"2024-05-27T16:41:33+00:00","breadcrumb":{"@id":"https:\/\/rugbyclubmontaiguvendee.com\/index.php\/les-equipes\/#breadcrumb"},"inLanguage":"fr-FR","potentialAction":[{"@type":"ReadAction","target":["https:\/\/rugbyclubmontaiguvendee.com\/index.php\/les-equipes\/"]}]},{"@type":"ImageObject","inLanguage":"fr-FR","@id":"https:\/\/rugbyclubmontaiguvendee.com\/index.php\/les-equipes\/#primaryimage","url":"http:\/\/site-rctm.test\/wp-content\/uploads\/2024\/02\/MG_5806-1-1024x683.jpg","contentUrl":"http:\/\/site-rctm.test\/wp-content\/uploads\/2024\/02\/MG_5806-1-1024x683.jpg"},{"@type":"BreadcrumbList","@id":"https:\/\/rugbyclubmontaiguvendee.com\/index.php\/les-equipes\/#breadcrumb","itemListElement":[{"@type":"ListItem","position":1,"name":"Accueil","item":"https:\/\/rugbyclubmontaiguvendee.com\/"},{"@type":"ListItem","position":2,"name":"Les \u00e9quipes de Rugby du RCTM"}]},{"@type":"WebSite","@id":"https:\/\/rugbyclubmontaiguvendee.com\/#website","url":"https:\/\/rugbyclubmontaiguvendee.com\/","name":"Rugby Club Terre de Montaigu - Vend\u00e9e","description":"Rejoignez l&#039;aventure","publisher":{"@id":"https:\/\/rugbyclubmontaiguvendee.com\/#organization"},"potentialAction":[{"@type":"SearchAction","target":{"@type":"EntryPoint","urlTemplate":"https:\/\/rugbyclubmontaiguvendee.com\/?s={search_term_string}"},"query-input":{"@type":"PropertyValueSpecification","valueRequired":true,"valueName":"search_term_string"}}],"inLanguage":"fr-FR"},{"@type":"Organization","@id":"https:\/\/rugbyclubmontaiguvendee.com\/#organization","name":"Rugby Club Terre de Montaigu - Vend\u00e9e","url":"https:\/\/rugbyclubmontaiguvendee.com\/","logo":{"@type":"ImageObject","inLanguage":"fr-FR","@id":"https:\/\/rugbyclubmontaiguvendee.com\/#\/schema\/logo\/image\/","url":"https:\/\/rugbyclubmontaiguvendee.com\/wp-content\/uploads\/2024\/01\/cropped-logo-RCTM-120X150.png","contentUrl":"https:\/\/rugbyclubmontaiguvendee.com\/wp-content\/uploads\/2024\/01\/cropped-logo-RCTM-120X150.png","width":120,"height":150,"caption":"Rugby Club Terre de Montaigu - Vend\u00e9e"},"image":{"@id":"https:\/\/rugbyclubmontaiguvendee.com\/#\/schema\/logo\/image\/"},"sameAs":["https:\/\/fr-fr.facebook.com\/rugbyclubdesterresdemontaigu\/","https:\/\/www.instagram.com\/edr_rctm85\/"]}]}},"_links":{"self":[{"href":"https:\/\/rugbyclubmontaiguvendee.com\/index.php\/wp-json\/wp\/v2\/pages\/48","targetHints":{"allow":["GET"]}}],"collection":[{"href":"https:\/\/rugbyclubmontaiguvendee.com\/index.php\/wp-json\/wp\/v2\/pages"}],"about":[{"href":"https:\/\/rugbyclubmontaiguvendee.com\/index.php\/wp-json\/wp\/v2\/types\/page"}],"author":[{"embeddable":true,"href":"https:\/\/rugbyclubmontaiguvendee.com\/index.php\/wp-json\/wp\/v2\/users\/1"}],"replies":[{"embeddable":true,"href":"https:\/\/rugbyclubmontaiguvendee.com\/index.php\/wp-json\/wp\/v2\/comments?post=48"}],"version-history":[{"count":5,"href":"https:\/\/rugbyclubmontaiguvendee.com\/index.php\/wp-json\/wp\/v2\/pages\/48\/revisions"}],"predecessor-version":[{"id":578,"href":"https:\/\/rugbyclubmontaiguvendee.com\/index.php\/wp-json\/wp\/v2\/pages\/48\/revisions\/578"}],"wp:attachment":[{"href":"https:\/\/rugbyclubmontaiguvendee.com\/index.php\/wp-json\/wp\/v2\/media?parent=48"}],"curies":[{"name":"wp","href":"https:\/\/api.w.org\/{rel}","templated":true}]}}