{"id":32,"date":"2024-01-18T12:41:00","date_gmt":"2024-01-18T11:41:00","guid":{"rendered":"http:\/\/site-rctm.test\/?page_id=32"},"modified":"2024-02-27T19:39:12","modified_gmt":"2024-02-27T18:39:12","slug":"devenir-benevoles","status":"publish","type":"page","link":"https:\/\/rugbyclubmontaiguvendee.com\/index.php\/devenir-benevoles\/","title":{"rendered":"Devenez B\u00e9n\u00e9voles"},"content":{"rendered":"\n<h2 class=\"wp-block-heading\">Rejoignez l&rsquo;aventure du rugby \u00e0 Montaigu en devenant b\u00e9n\u00e9voles ! <\/h2>\n\n\n\n<p>Notre club a besoin de b\u00e9n\u00e9voles, des personnes passionn\u00e9es comme vous pour faire la diff\u00e9rence. En tant que b\u00e9n\u00e9vole, vous pouvez contribuer \u00e0 fa\u00e7onner l&rsquo;avenir du sport dans notre communaut\u00e9.<\/p>\n\n\n\n<div class=\"wp-block-buttons is-content-justification-center is-layout-flex wp-container-core-buttons-is-layout-16018d1d wp-block-buttons-is-layout-flex\">\n<div class=\"wp-block-button is-style-primary\"><a class=\"wp-block-button__link wp-element-button\" href=\"http:\/\/rctm.fr\/index.php\/contactez-nous\/\">Rejoignez le Club<\/a><\/div>\n<\/div>\n\n\n\n<p><\/p>\n\n\n\n<p>Que vous soyez un amateur de rugby chevronn\u00e9 ou un novice enthousiaste, il y a une place pour vous. De l&rsquo;organisation des \u00e9v\u00e9nements aux initiatives communautaires, en passant par le soutien aux \u00e9quipes, chaque contribution et chaque b\u00e9n\u00e9vole compte.<\/p>\n\n\n\n<p>En devenant b\u00e9n\u00e9voles, vous non seulement enrichissez votre vie en vous immergeant dans le monde passionnant du rugby, mais vous cr\u00e9ez \u00e9galement des liens forts au sein de notre communaut\u00e9. Rejoignez-nous pour vivre l&rsquo;esprit d&rsquo;\u00e9quipe, le plaisir du sport et contribuer \u00e0 b\u00e2tir quelque chose de sp\u00e9cial \u00e0 Montaigu Vend\u00e9e.<\/p>\n\n\n\n<p>Faites partie de l&rsquo;action, devenez un des b\u00e9n\u00e9voles d\u00e8s aujourd&rsquo;hui et aidez-nous \u00e0 \u00e9crire le prochain chapitre de notre histoire rugbystique.<\/p>\n\n\n\n<div class=\"wp-block-buttons is-content-justification-center is-layout-flex wp-container-core-buttons-is-layout-16018d1d wp-block-buttons-is-layout-flex\">\n<div class=\"wp-block-button is-style-primary\"><a class=\"wp-block-button__link wp-element-button\" href=\"http:\/\/rctm.fr\/index.php\/contactez-nous\/\">Rejoignez le Club<\/a><\/div>\n<\/div>\n\n\n\n<p> <\/p>\n","protected":false},"excerpt":{"rendered":"<p>Rejoignez l&rsquo;aventure du rugby \u00e0 Montaigu en devenant b\u00e9n\u00e9voles ! Notre club a besoin de b\u00e9n\u00e9voles, des personnes passionn\u00e9es comme vous pour faire la diff\u00e9rence. En tant que b\u00e9n\u00e9vole, vous pouvez contribuer \u00e0 fa\u00e7onner l&rsquo;avenir du sport dans notre communaut\u00e9. Que vous soyez un amateur de rugby chevronn\u00e9 ou un novice enthousiaste, il y a&hellip;&nbsp;<a href=\"https:\/\/rugbyclubmontaiguvendee.com\/index.php\/devenir-benevoles\/\" class=\"\" rel=\"bookmark\">Lire la suite &raquo;<span class=\"screen-reader-text\">Devenez B\u00e9n\u00e9voles<\/span><\/a><\/p>\n","protected":false},"author":1,"featured_media":0,"parent":0,"menu_order":0,"comment_status":"closed","ping_status":"closed","template":"","meta":{"om_disable_all_campaigns":false,"_monsterinsights_skip_tracking":false,"_monsterinsights_sitenote_active":false,"_monsterinsights_sitenote_note":"","_monsterinsights_sitenote_category":0,"neve_meta_sidebar":"","neve_meta_container":"","neve_meta_enable_content_width":"","neve_meta_content_width":0,"neve_meta_title_alignment":"","neve_meta_author_avatar":"","neve_post_elements_order":"","neve_meta_disable_header":"","neve_meta_disable_footer":"","neve_meta_disable_title":"","footnotes":""},"class_list":["post-32","page","type-page","status-publish","hentry"],"yoast_head":"<!-- This site is optimized with the Yoast SEO plugin v26.2 - https:\/\/yoast.com\/wordpress\/plugins\/seo\/ -->\n<title>Devenez b\u00e9n\u00e9vole au Rugby Club de Terres de Montaigu<\/title>\n<meta name=\"description\" content=\"Notre club a besoin de personnes passionn\u00e9es pour faire la diff\u00e9rence. Sans les b\u00e9n\u00e9voles le club ne pourrait pas vivre, merci \u00e0 vous tous.\" \/>\n<meta name=\"robots\" content=\"index, follow, max-snippet:-1, max-image-preview:large, max-video-preview:-1\" \/>\n<link rel=\"canonical\" href=\"https:\/\/rugby-club-montaigu.fr\/index.php\/devenir-benevoles\/\" \/>\n<meta property=\"og:locale\" content=\"fr_FR\" \/>\n<meta property=\"og:type\" content=\"article\" \/>\n<meta property=\"og:title\" content=\"Devenez b\u00e9n\u00e9vole au Rugby Club de Terres de Montaigu\" \/>\n<meta property=\"og:description\" content=\"Notre club a besoin de personnes passionn\u00e9es pour faire la diff\u00e9rence. Sans les b\u00e9n\u00e9voles le club ne pourrait pas vivre, merci \u00e0 vous tous.\" \/>\n<meta property=\"og:url\" content=\"https:\/\/rugby-club-montaigu.fr\/index.php\/devenir-benevoles\/\" \/>\n<meta property=\"og:site_name\" content=\"Rugby Club Terres de Montaigu - Vend\u00e9e\" \/>\n<meta property=\"article:publisher\" content=\"https:\/\/fr-fr.facebook.com\/rugbyclubdesterresdemontaigu\/\" \/>\n<meta property=\"article:modified_time\" content=\"2024-02-27T18:39:12+00:00\" \/>\n<meta name=\"twitter:card\" content=\"summary_large_image\" \/>\n<meta name=\"twitter:label1\" content=\"Dur\u00e9e de lecture estim\u00e9e\" \/>\n\t<meta name=\"twitter:data1\" content=\"1 minute\" \/>\n<script type=\"application\/ld+json\" class=\"yoast-schema-graph\">{\"@context\":\"https:\/\/schema.org\",\"@graph\":[{\"@type\":\"WebPage\",\"@id\":\"https:\/\/rugby-club-montaigu.fr\/index.php\/devenir-benevoles\/\",\"url\":\"https:\/\/rugby-club-montaigu.fr\/index.php\/devenir-benevoles\/\",\"name\":\"Devenez b\u00e9n\u00e9vole au Rugby Club de Terres de Montaigu\",\"isPartOf\":{\"@id\":\"https:\/\/rugbyclubmontaiguvendee.com\/#website\"},\"datePublished\":\"2024-01-18T11:41:00+00:00\",\"dateModified\":\"2024-02-27T18:39:12+00:00\",\"description\":\"Notre club a besoin de personnes passionn\u00e9es pour faire la diff\u00e9rence. Sans les b\u00e9n\u00e9voles le club ne pourrait pas vivre, merci \u00e0 vous tous.\",\"breadcrumb\":{\"@id\":\"https:\/\/rugby-club-montaigu.fr\/index.php\/devenir-benevoles\/#breadcrumb\"},\"inLanguage\":\"fr-FR\",\"potentialAction\":[{\"@type\":\"ReadAction\",\"target\":[\"https:\/\/rugby-club-montaigu.fr\/index.php\/devenir-benevoles\/\"]}]},{\"@type\":\"BreadcrumbList\",\"@id\":\"https:\/\/rugby-club-montaigu.fr\/index.php\/devenir-benevoles\/#breadcrumb\",\"itemListElement\":[{\"@type\":\"ListItem\",\"position\":1,\"name\":\"Accueil\",\"item\":\"https:\/\/rugbyclubmontaiguvendee.com\/\"},{\"@type\":\"ListItem\",\"position\":2,\"name\":\"Devenez B\u00e9n\u00e9voles\"}]},{\"@type\":\"WebSite\",\"@id\":\"https:\/\/rugbyclubmontaiguvendee.com\/#website\",\"url\":\"https:\/\/rugbyclubmontaiguvendee.com\/\",\"name\":\"Rugby Club Terre de Montaigu - Vend\u00e9e\",\"description\":\"Rejoignez l&#039;aventure\",\"publisher\":{\"@id\":\"https:\/\/rugbyclubmontaiguvendee.com\/#organization\"},\"potentialAction\":[{\"@type\":\"SearchAction\",\"target\":{\"@type\":\"EntryPoint\",\"urlTemplate\":\"https:\/\/rugbyclubmontaiguvendee.com\/?s={search_term_string}\"},\"query-input\":{\"@type\":\"PropertyValueSpecification\",\"valueRequired\":true,\"valueName\":\"search_term_string\"}}],\"inLanguage\":\"fr-FR\"},{\"@type\":\"Organization\",\"@id\":\"https:\/\/rugbyclubmontaiguvendee.com\/#organization\",\"name\":\"Rugby Club Terre de Montaigu - Vend\u00e9e\",\"url\":\"https:\/\/rugbyclubmontaiguvendee.com\/\",\"logo\":{\"@type\":\"ImageObject\",\"inLanguage\":\"fr-FR\",\"@id\":\"https:\/\/rugbyclubmontaiguvendee.com\/#\/schema\/logo\/image\/\",\"url\":\"https:\/\/rugbyclubmontaiguvendee.com\/wp-content\/uploads\/2024\/01\/cropped-logo-RCTM-120X150.png\",\"contentUrl\":\"https:\/\/rugbyclubmontaiguvendee.com\/wp-content\/uploads\/2024\/01\/cropped-logo-RCTM-120X150.png\",\"width\":120,\"height\":150,\"caption\":\"Rugby Club Terre de Montaigu - Vend\u00e9e\"},\"image\":{\"@id\":\"https:\/\/rugbyclubmontaiguvendee.com\/#\/schema\/logo\/image\/\"},\"sameAs\":[\"https:\/\/fr-fr.facebook.com\/rugbyclubdesterresdemontaigu\/\",\"https:\/\/www.instagram.com\/edr_rctm85\/\"]}]}<\/script>\n<!-- \/ Yoast SEO plugin. -->","yoast_head_json":{"title":"Devenez b\u00e9n\u00e9vole au Rugby Club de Terres de Montaigu","description":"Notre club a besoin de personnes passionn\u00e9es pour faire la diff\u00e9rence. Sans les b\u00e9n\u00e9voles le club ne pourrait pas vivre, merci \u00e0 vous tous.","robots":{"index":"index","follow":"follow","max-snippet":"max-snippet:-1","max-image-preview":"max-image-preview:large","max-video-preview":"max-video-preview:-1"},"canonical":"https:\/\/rugby-club-montaigu.fr\/index.php\/devenir-benevoles\/","og_locale":"fr_FR","og_type":"article","og_title":"Devenez b\u00e9n\u00e9vole au Rugby Club de Terres de Montaigu","og_description":"Notre club a besoin de personnes passionn\u00e9es pour faire la diff\u00e9rence. Sans les b\u00e9n\u00e9voles le club ne pourrait pas vivre, merci \u00e0 vous tous.","og_url":"https:\/\/rugby-club-montaigu.fr\/index.php\/devenir-benevoles\/","og_site_name":"Rugby Club Terres de Montaigu - Vend\u00e9e","article_publisher":"https:\/\/fr-fr.facebook.com\/rugbyclubdesterresdemontaigu\/","article_modified_time":"2024-02-27T18:39:12+00:00","twitter_card":"summary_large_image","twitter_misc":{"Dur\u00e9e de lecture estim\u00e9e":"1 minute"},"schema":{"@context":"https:\/\/schema.org","@graph":[{"@type":"WebPage","@id":"https:\/\/rugby-club-montaigu.fr\/index.php\/devenir-benevoles\/","url":"https:\/\/rugby-club-montaigu.fr\/index.php\/devenir-benevoles\/","name":"Devenez b\u00e9n\u00e9vole au Rugby Club de Terres de Montaigu","isPartOf":{"@id":"https:\/\/rugbyclubmontaiguvendee.com\/#website"},"datePublished":"2024-01-18T11:41:00+00:00","dateModified":"2024-02-27T18:39:12+00:00","description":"Notre club a besoin de personnes passionn\u00e9es pour faire la diff\u00e9rence. Sans les b\u00e9n\u00e9voles le club ne pourrait pas vivre, merci \u00e0 vous tous.","breadcrumb":{"@id":"https:\/\/rugby-club-montaigu.fr\/index.php\/devenir-benevoles\/#breadcrumb"},"inLanguage":"fr-FR","potentialAction":[{"@type":"ReadAction","target":["https:\/\/rugby-club-montaigu.fr\/index.php\/devenir-benevoles\/"]}]},{"@type":"BreadcrumbList","@id":"https:\/\/rugby-club-montaigu.fr\/index.php\/devenir-benevoles\/#breadcrumb","itemListElement":[{"@type":"ListItem","position":1,"name":"Accueil","item":"https:\/\/rugbyclubmontaiguvendee.com\/"},{"@type":"ListItem","position":2,"name":"Devenez B\u00e9n\u00e9voles"}]},{"@type":"WebSite","@id":"https:\/\/rugbyclubmontaiguvendee.com\/#website","url":"https:\/\/rugbyclubmontaiguvendee.com\/","name":"Rugby Club Terre de Montaigu - Vend\u00e9e","description":"Rejoignez l&#039;aventure","publisher":{"@id":"https:\/\/rugbyclubmontaiguvendee.com\/#organization"},"potentialAction":[{"@type":"SearchAction","target":{"@type":"EntryPoint","urlTemplate":"https:\/\/rugbyclubmontaiguvendee.com\/?s={search_term_string}"},"query-input":{"@type":"PropertyValueSpecification","valueRequired":true,"valueName":"search_term_string"}}],"inLanguage":"fr-FR"},{"@type":"Organization","@id":"https:\/\/rugbyclubmontaiguvendee.com\/#organization","name":"Rugby Club Terre de Montaigu - Vend\u00e9e","url":"https:\/\/rugbyclubmontaiguvendee.com\/","logo":{"@type":"ImageObject","inLanguage":"fr-FR","@id":"https:\/\/rugbyclubmontaiguvendee.com\/#\/schema\/logo\/image\/","url":"https:\/\/rugbyclubmontaiguvendee.com\/wp-content\/uploads\/2024\/01\/cropped-logo-RCTM-120X150.png","contentUrl":"https:\/\/rugbyclubmontaiguvendee.com\/wp-content\/uploads\/2024\/01\/cropped-logo-RCTM-120X150.png","width":120,"height":150,"caption":"Rugby Club Terre de Montaigu - Vend\u00e9e"},"image":{"@id":"https:\/\/rugbyclubmontaiguvendee.com\/#\/schema\/logo\/image\/"},"sameAs":["https:\/\/fr-fr.facebook.com\/rugbyclubdesterresdemontaigu\/","https:\/\/www.instagram.com\/edr_rctm85\/"]}]}},"_links":{"self":[{"href":"https:\/\/rugbyclubmontaiguvendee.com\/index.php\/wp-json\/wp\/v2\/pages\/32","targetHints":{"allow":["GET"]}}],"collection":[{"href":"https:\/\/rugbyclubmontaiguvendee.com\/index.php\/wp-json\/wp\/v2\/pages"}],"about":[{"href":"https:\/\/rugbyclubmontaiguvendee.com\/index.php\/wp-json\/wp\/v2\/types\/page"}],"author":[{"embeddable":true,"href":"https:\/\/rugbyclubmontaiguvendee.com\/index.php\/wp-json\/wp\/v2\/users\/1"}],"replies":[{"embeddable":true,"href":"https:\/\/rugbyclubmontaiguvendee.com\/index.php\/wp-json\/wp\/v2\/comments?post=32"}],"version-history":[{"count":10,"href":"https:\/\/rugbyclubmontaiguvendee.com\/index.php\/wp-json\/wp\/v2\/pages\/32\/revisions"}],"predecessor-version":[{"id":539,"href":"https:\/\/rugbyclubmontaiguvendee.com\/index.php\/wp-json\/wp\/v2\/pages\/32\/revisions\/539"}],"wp:attachment":[{"href":"https:\/\/rugbyclubmontaiguvendee.com\/index.php\/wp-json\/wp\/v2\/media?parent=32"}],"curies":[{"name":"wp","href":"https:\/\/api.w.org\/{rel}","templated":true}]}}